{"id":11938,"date":"2019-04-05T09:23:56","date_gmt":"2019-04-05T07:23:56","guid":{"rendered":"https:\/\/mozartlimousines.com\/ueber-uns\/"},"modified":"2023-05-03T12:31:21","modified_gmt":"2023-05-03T10:31:21","slug":"about-us","status":"publish","type":"page","link":"https:\/\/mozartlimousines.com\/en\/about-us\/","title":{"rendered":"About us"},"content":{"rendered":"<section class=\"wpb-content-wrapper\"><p>[vc_row][vc_column width=&#8221;1\/2&#8243;][vc_custom_heading text=&#8221;Mozart Chauffeur Service is an independent limousine service in Vienna and stands for professionalism, flexibility and discretion.&#8221; font_container=&#8221;tag:h3|text_align:left&#8221; use_theme_fonts=&#8221;yes&#8221;][vc_column_text]Mozart Chauffeur Service has been evolving to become one of the fastest growing chauffeur drive services in Vienna. Our dedicated team of drivers reflects the highest standards of integrity and commitment, earning the trust of our valued clients. Our ongoing success derives from our proven ability to provide cordial personalized services, supported by an excellent fleet of vehicles.<\/p>\n<p>We are specialized in the business of private travelling market; we work side by side with each of our clients in realizing their specific requests and objectives. With over 3 years of expertise, our unrivalled reputation reflects a strong market positioning, perfectly placed to help you, whatever your needs. We offer a full range of concierge and chauffeur solutions, from the moment you land in Vienna until departure to your next destination.<\/p>\n<p>Mozart Chauffeur Service is totally dedicated to providing its clients with the most comprehensive solutions. In today\u2019s complex and demanding market place, our philosophy is very concise: it is all about eliminating obstacles and avoiding mistakes. Our drivers are well aware of all the aspects of your Austria travelling needs, taking personal care of the smallest details. This valuable competence and expertise allows you, the client, to depend on a qualified service provider to do the perfect job for you.[\/vc_column_text]<div class=\"theme-component-list theme-component-list-style-2 theme-margin-top-40\">\n<ul>\n<li>flexibility<\/li>\n<li>precision work<\/li>\n<li>qualified Drivers<\/li>\n<li>deadline accuracy<\/li>\n<\/ul>\n<\/div>[\/vc_column][vc_column width=&#8221;1\/2&#8243;][vc_single_image image=&#8221;12892&#8243; img_size=&#8221;full&#8221; style=&#8221;vc_box_shadow_3d&#8221;][\/vc_column][\/vc_row][vc_row][vc_column width=&#8221;1\/2&#8243;][vc_single_image image=&#8221;12896&#8243; img_size=&#8221;full&#8221; style=&#8221;vc_box_shadow_3d&#8221;][\/vc_column][vc_column width=&#8221;1\/2&#8243;][vc_column_text]From the time you call our office to the time you departure Vienna, you can rest assured you are in good hands. Our customer service representative will oversee every step of your move to ensure that our services meet and exceed your expectations and requirements.<\/p>\n<p>We strongly believe that our proven reputation and vast expertise will convince you to make us your preferred chauffeur services provider. Over the past years, we\u2019ve had the opportunity to work with thousands of satisfied clients, taking great pride of our success. We offer highest quality and individual service for you as Private or Company Customer, 365 days a year, 24 hours a day.[\/vc_column_text]<div class=\"theme-component-list theme-component-list-style-2 theme-margin-top-40\">\n<ul>\n<li>quality<\/li>\n<li>customer satisfaction<\/li>\n<li>satisfied regular customers<\/li>\n<\/ul>\n<\/div>[\/vc_column][\/vc_row][vc_row][vc_column][vc_empty_space]<style type='text\/css' media='all'>#tss-container-2327530815.tss-wrapper .tss-layout10 .item-content-wrapper,\r\n\t\t\t\t\t#tss-container-2327530815.tss-wrapper .tss-isotope3 .item-content-wrapper,\r\n\t\t\t\t\t#tss-container-2327530815.tss-wrapper .tss-isotope5 .item-content-wrapper,\r\n\t\t\t\t\t#tss-container-2327530815.tss-wrapper .tss-carousel10 .item-content-wrapper{background: transparent;}<\/style><div class='rt-container-fluid tss-wrapper ' id='tss-container-2327530815'  data-layout='carousel3' data-desktop-col='3'  data-tab-col='1'  data-mobile-col='1'><div data-title='Loading ...' class='rt-row tss-carousel3 tss-even tss-pre-loader'><div class=\"carousel-wrapper\"><div  class='tss-carousel swiper'\r\n\t\t\t\t\t\t\t\t\t\tdata-loop='true'\r\n\t\t\t\t\t\t\t\t\t\tdata-items-desktop='3'\r\n\t\t\t\t\t\t\t\t\t\tdata-items-tab='1'\r\n\t\t\t\t\t\t\t\t\t\tdata-items-mobile='1'\r\n\t\t\t\t\t\t\t\t\t\tdata-autoplay='true'\r\n\t\t\t\t\t\t\t\t\t\tdata-autoplay-timeout='5000'\r\n\t\t\t\t\t\t\t\t\t\tdata-autoplay-hover-pause='true'\r\n\t\t\t\t\t\t\t\t\t\tdata-dots='true'\r\n\t\t\t\t\t\t\t\t\t\tdata-nav='true'\r\n\t\t\t\t\t\t\t\t\t\tdata-lazy-load='false'\r\n\t\t\t\t\t\t\t\t\t\tdata-auto-height='false'\r\n\t\t\t\t\t\t\t\t\t\tdata-smart-speed='2000'\r\n\t\t\t\t\t\t\t\t\t\t><div class=\"swiper-wrapper\"><div class='rt-col-md-12 rt-col-sm-12 rt-col-xs-12 even-grid-item tss-grid-item slide-item swiper-slide even-grid-item default-margin tss-img-circle'><div class=\"single-item-wrapper\"><div class=\"tss-meta-info\"><div class='profile-img-wrapper'><img alt='' class='rt-responsive-img' src='https:\/\/mozartlimousines.com\/wp-content\/uploads\/2023\/04\/logo3-150x150.png' \/><\/div><\/div><div class=\"rating-wrapper\"><span data-star='1' class='star-1 dashicons dashicons-star-filled' aria-hidden='true'><\/span><span data-star='2' class='star-2 dashicons dashicons-star-filled' aria-hidden='true'><\/span><span data-star='3' class='star-3 dashicons dashicons-star-filled' aria-hidden='true'><\/span><span data-star='4' class='star-4 dashicons dashicons-star-filled' aria-hidden='true'><\/span><span data-star='5' class='star-5 dashicons dashicons-star-filled' aria-hidden='true'><\/span><\/div><h4 class=\"author-bio\"><span class='author-designation'>Dominique Schiller<\/span><\/h4><div class=\"item-content-wrapper\"><div class='item-content'><p>Highly recommend this company, as I had the pleasure to use it as a customer, and work together with the whole team on a daily basis also. Totally flexible on short notice orders or changes, always professional and with the best-looking fleet, the always friendly team offers great help on all requests.<\/p>\n<\/div><\/div><\/div><\/div><div class='rt-col-md-12 rt-col-sm-12 rt-col-xs-12 even-grid-item tss-grid-item slide-item swiper-slide even-grid-item default-margin tss-img-circle'><div class=\"single-item-wrapper\"><div class=\"tss-meta-info\"><div class='profile-img-wrapper'><img alt='' class='rt-responsive-img' src='https:\/\/mozartlimousines.com\/wp-content\/uploads\/2023\/04\/logo3-150x150.png' \/><\/div><\/div><div class=\"rating-wrapper\"><span data-star='1' class='star-1 dashicons dashicons-star-filled' aria-hidden='true'><\/span><span data-star='2' class='star-2 dashicons dashicons-star-filled' aria-hidden='true'><\/span><span data-star='3' class='star-3 dashicons dashicons-star-filled' aria-hidden='true'><\/span><span data-star='4' class='star-4 dashicons dashicons-star-filled' aria-hidden='true'><\/span><span data-star='5' class='star-5 dashicons dashicons-star-filled' aria-hidden='true'><\/span><\/div><h4 class=\"author-bio\"><span class='author-designation'>Sophie Brezina<\/span><\/h4><div class=\"item-content-wrapper\"><div class='item-content'><p>I have never seen such a organized transportation company as you are! All your stuff is very friendly, competently, helpful. If you have changes or need something &#8211; Mozart is doing there best to make you happy. The cars in there fleet are always new, always cleaned and smells good! Also the stuff wears very good parfums. Thank you for all your services you did already! I am happy\/glad to know you!<\/p>\n<\/div><\/div><\/div><\/div><div class='rt-col-md-12 rt-col-sm-12 rt-col-xs-12 even-grid-item tss-grid-item slide-item swiper-slide even-grid-item default-margin tss-img-circle'><div class=\"single-item-wrapper\"><div class=\"tss-meta-info\"><div class='profile-img-wrapper'><img alt='' class='rt-responsive-img' src='https:\/\/mozartlimousines.com\/wp-content\/uploads\/2023\/04\/logo3-150x150.png' \/><\/div><\/div><div class=\"rating-wrapper\"><span data-star='1' class='star-1 dashicons dashicons-star-filled' aria-hidden='true'><\/span><span data-star='2' class='star-2 dashicons dashicons-star-filled' aria-hidden='true'><\/span><span data-star='3' class='star-3 dashicons dashicons-star-filled' aria-hidden='true'><\/span><span data-star='4' class='star-4 dashicons dashicons-star-filled' aria-hidden='true'><\/span><span data-star='5' class='star-5 dashicons dashicons-star-filled' aria-hidden='true'><\/span><\/div><h4 class=\"author-bio\"><span class='author-designation'>Mia Minger<\/span><\/h4><div class=\"item-content-wrapper\"><div class='item-content'><p>Ich kann dieses Unternehmen empfehlen! Verl\u00e4sslichkeit und P\u00fcnktlichkeit werden hier gro\u00df geschrieben. Die Fahrer waren bis jetzt immer sehr zuvorkommend! Auch das Wagen-Portfolio ist top. Die Fahrzeuge sind sauber und gepflegt, innen als auch au\u00dfen!<\/p>\n<\/div><\/div><\/div><\/div><div class='rt-col-md-12 rt-col-sm-12 rt-col-xs-12 even-grid-item tss-grid-item slide-item swiper-slide even-grid-item default-margin tss-img-circle'><div class=\"single-item-wrapper\"><div class=\"tss-meta-info\"><div class='profile-img-wrapper'><img alt='' class='rt-responsive-img' src='https:\/\/mozartlimousines.com\/wp-content\/uploads\/2023\/04\/logo3-150x150.png' \/><\/div><\/div><div class=\"rating-wrapper\"><span data-star='1' class='star-1 dashicons dashicons-star-filled' aria-hidden='true'><\/span><span data-star='2' class='star-2 dashicons dashicons-star-filled' aria-hidden='true'><\/span><span data-star='3' class='star-3 dashicons dashicons-star-filled' aria-hidden='true'><\/span><span data-star='4' class='star-4 dashicons dashicons-star-filled' aria-hidden='true'><\/span><span data-star='5' class='star-5 dashicons dashicons-star-filled' aria-hidden='true'><\/span><\/div><h4 class=\"author-bio\"><span class='author-designation'>Anastasia Chernysheva<\/span><\/h4><div class=\"item-content-wrapper\"><div class='item-content'><p>Immer zufrieden! Danke Herr Sahin und Team! Kann nur weiter empfehlen!<\/p>\n<\/div><\/div><\/div><\/div><div class='rt-col-md-12 rt-col-sm-12 rt-col-xs-12 even-grid-item tss-grid-item slide-item swiper-slide even-grid-item default-margin tss-img-circle'><div class=\"single-item-wrapper\"><div class=\"tss-meta-info\"><div class='profile-img-wrapper'><img alt='' class='rt-responsive-img' src='https:\/\/mozartlimousines.com\/wp-content\/uploads\/2023\/04\/logo3-150x150.png' \/><\/div><\/div><div class=\"rating-wrapper\"><span data-star='1' class='star-1 dashicons dashicons-star-filled' aria-hidden='true'><\/span><span data-star='2' class='star-2 dashicons dashicons-star-filled' aria-hidden='true'><\/span><span data-star='3' class='star-3 dashicons dashicons-star-filled' aria-hidden='true'><\/span><span data-star='4' class='star-4 dashicons dashicons-star-filled' aria-hidden='true'><\/span><span data-star='5' class='star-5 dashicons dashicons-star-filled' aria-hidden='true'><\/span><\/div><h4 class=\"author-bio\"><span class='author-designation'>Susanna Rabld<\/span><\/h4><div class=\"item-content-wrapper\"><div class='item-content'><p>Nagyon el\u00e9gedett vagyok ,megb\u00edzhat\u00f3ak, pontosak, a sof\u0151r is nagyon kedves \u00e9s az aut\u00f3 is sz\u00e8p tiszta volt. Csak aj\u00e1nlani tudom!<\/p>\n<\/div><\/div><\/div><\/div><div class='rt-col-md-12 rt-col-sm-12 rt-col-xs-12 even-grid-item tss-grid-item slide-item swiper-slide even-grid-item default-margin tss-img-circle'><div class=\"single-item-wrapper\"><div class=\"tss-meta-info\"><div class='profile-img-wrapper'><img alt='' class='rt-responsive-img' src='https:\/\/mozartlimousines.com\/wp-content\/uploads\/2023\/04\/logo3-150x150.png' \/><\/div><\/div><div class=\"rating-wrapper\"><span data-star='1' class='star-1 dashicons dashicons-star-filled' aria-hidden='true'><\/span><span data-star='2' class='star-2 dashicons dashicons-star-filled' aria-hidden='true'><\/span><span data-star='3' class='star-3 dashicons dashicons-star-filled' aria-hidden='true'><\/span><span data-star='4' class='star-4 dashicons dashicons-star-filled' aria-hidden='true'><\/span><span data-star='5' class='star-5 dashicons dashicons-star-filled' aria-hidden='true'><\/span><\/div><h4 class=\"author-bio\"><span class='author-designation'>Mia Laurent<\/span><\/h4><div class=\"item-content-wrapper\"><div class='item-content'><p>Seit Jahren ein zuverl\u00e4ssiger, kompetenter Partner f\u00fcr gro\u00dfe Gruppen und Business Reisende. Top Fahrzeuge, sehr professionelle Abwicklung gro\u00dfer Bestellungen und sehr freundliche und zuvorkommende Fahrer. Eine absolute Empfehlung f\u00fcr Business Events und Gesch\u00e4ftsreisende. Danke !<\/p>\n<\/div><\/div><\/div><\/div><div class='rt-col-md-12 rt-col-sm-12 rt-col-xs-12 even-grid-item tss-grid-item slide-item swiper-slide even-grid-item default-margin tss-img-circle'><div class=\"single-item-wrapper\"><div class=\"tss-meta-info\"><div class='profile-img-wrapper'><img alt='' class='rt-responsive-img' src='https:\/\/mozartlimousines.com\/wp-content\/uploads\/2023\/04\/logo3-150x150.png' \/><\/div><\/div><div class=\"rating-wrapper\"><span data-star='1' class='star-1 dashicons dashicons-star-filled' aria-hidden='true'><\/span><span data-star='2' class='star-2 dashicons dashicons-star-filled' aria-hidden='true'><\/span><span data-star='3' class='star-3 dashicons dashicons-star-filled' aria-hidden='true'><\/span><span data-star='4' class='star-4 dashicons dashicons-star-filled' aria-hidden='true'><\/span><span data-star='5' class='star-5 dashicons dashicons-star-filled' aria-hidden='true'><\/span><\/div><h4 class=\"author-bio\"><span class='author-designation'>Mark Vass<\/span><\/h4><div class=\"item-content-wrapper\"><div class='item-content'><div class=\"Jtu6Td\"><span data-expandable-section=\"\">I can highly recommend this Limousine company! The Mercedes cars are new and clean and Mozart Limousine Services is extremely reliable and on time at any time of the day and has the appropriate vehicle for all kind of requests. The drivers are smart, courteous and helpful in any situation.<\/span><\/div>\n<\/div><\/div><\/div><\/div><div class='rt-col-md-12 rt-col-sm-12 rt-col-xs-12 even-grid-item tss-grid-item slide-item swiper-slide even-grid-item default-margin tss-img-circle'><div class=\"single-item-wrapper\"><div class=\"tss-meta-info\"><div class='profile-img-wrapper'><img alt='' class='rt-responsive-img' src='https:\/\/mozartlimousines.com\/wp-content\/uploads\/2023\/04\/logo3-150x150.png' \/><\/div><\/div><div class=\"rating-wrapper\"><span data-star='1' class='star-1 dashicons dashicons-star-filled' aria-hidden='true'><\/span><span data-star='2' class='star-2 dashicons dashicons-star-filled' aria-hidden='true'><\/span><span data-star='3' class='star-3 dashicons dashicons-star-filled' aria-hidden='true'><\/span><span data-star='4' class='star-4 dashicons dashicons-star-filled' aria-hidden='true'><\/span><span data-star='5' class='star-5 dashicons dashicons-star-filled' aria-hidden='true'><\/span><\/div><h4 class=\"author-bio\"><span class='author-designation'>Bob Bacheler<\/span><\/h4><div class=\"item-content-wrapper\"><div class='item-content'><div class=\"Jtu6Td\"><span data-expandable-section=\"\">I want to thank Sahin and Mr. Erkan for the terrific service getting our client to Slovikia last week week. The communication was terrific and easy to set up. The service was spectacular and the vehicle was exactly as described.<\/span><\/div>\n<\/div><\/div><\/div><\/div><div class='rt-col-md-12 rt-col-sm-12 rt-col-xs-12 even-grid-item tss-grid-item slide-item swiper-slide even-grid-item default-margin tss-img-circle'><div class=\"single-item-wrapper\"><div class=\"tss-meta-info\"><div class='profile-img-wrapper'><img alt='' class='rt-responsive-img' src='https:\/\/mozartlimousines.com\/wp-content\/uploads\/2023\/04\/logo3-150x150.png' \/><\/div><\/div><div class=\"rating-wrapper\"><span data-star='1' class='star-1 dashicons dashicons-star-filled' aria-hidden='true'><\/span><span data-star='2' class='star-2 dashicons dashicons-star-filled' aria-hidden='true'><\/span><span data-star='3' class='star-3 dashicons dashicons-star-filled' aria-hidden='true'><\/span><span data-star='4' class='star-4 dashicons dashicons-star-filled' aria-hidden='true'><\/span><span data-star='5' class='star-5 dashicons dashicons-star-filled' aria-hidden='true'><\/span><\/div><h4 class=\"author-bio\"><span class='author-designation'>Miha Simetinger<\/span><\/h4><div class=\"item-content-wrapper\"><div class='item-content'><p>I have been using Mozart Transport services for over two years now, on almost daily basis and I must say that I have NEVER EVER experienced any problems with their drivers or their cars. They are always punctual, the drivers are very friendly and during every ride in a good mood with a smile on their face. Cars are super clean and premium quality! I highly recommend Mozart Limousine Service to anyone who appreciates high quality transport service at very affordable prices. Dear Mozart team please keep up your excellent work.<\/p>\n<\/div><\/div><\/div><\/div><\/div><div class=\"swiper-arrow swiper-button-next\"><i class=\"rttss-right-open\"><\/i><\/div><div class=\"swiper-arrow swiper-button-prev\"><i class=\"rttss-left-open\"><\/i><\/div><div class=\"swiper-pagination\"><\/div><\/div><\/div><div class=\"rt-loading-overlay\"><\/div><div class=\"rt-loading rt-ball-clip-rotate\"><div><\/div><\/div><\/div><\/div>[vc_empty_space]\r\n            <p class=\"theme-component-paragraph-large theme-component-paragraph-large-style-2 aligncenter theme-padding-bottom-80\">\r\n                Free and non-binding inquiry:<br \/>\n<a style=\"font-size: 30px\" href=\"mailto:office@mozartlimousines.com\">office@mozartlimousines.com<\/a>\r\n            <\/p>\r\n        [\/vc_column][\/vc_row]<\/p>\n<\/section>","protected":false},"excerpt":{"rendered":"<p>[vc_row][vc_column width=&#8221;1\/2&#8243;][vc_custom_heading text=&#8221;Mozart Chauffeur Service is an independent limousine service in Vienna and stands for professionalism, flexibility and discretion.&#8221; font_container=&#8221;tag:h3|text_align:left&#8221; use_theme_fonts=&#8221;yes&#8221;][vc_column_text]Mozart Chauffeur Service has been evolving to become one of the fastest growing chauffeur drive services in Vienna. Our dedicated team of drivers reflects the highest standards of integrity and commitment, earning the trust of [&#8230;]<\/p>\n","protected":false},"author":1,"featured_media":0,"parent":0,"menu_order":0,"comment_status":"closed","ping_status":"closed","template":"","meta":{"footnotes":""},"class_list":["post-11938","page","type-page","status-publish","hentry"],"yoast_head":"<!-- This site is optimized with the Yoast SEO plugin v26.1.1 - https:\/\/yoast.com\/wordpress\/plugins\/seo\/ -->\n<title>About us - Mozart Chauffeur Service<\/title>\n<meta name=\"robots\" content=\"index, follow, max-snippet:-1, max-image-preview:large, max-video-preview:-1\" \/>\n<link rel=\"canonical\" href=\"https:\/\/mozartlimousines.com\/ueber-uns\/\" \/>\n<meta property=\"og:locale\" content=\"en_US\" \/>\n<meta property=\"og:type\" content=\"article\" \/>\n<meta property=\"og:title\" content=\"About us - Mozart Chauffeur Service\" \/>\n<meta property=\"og:description\" content=\"[vc_row][vc_column width=&#8221;1\/2&#8243;][vc_custom_heading text=&#8221;Mozart Chauffeur Service is an independent limousine service in Vienna and stands for professionalism, flexibility and discretion.&#8221; font_container=&#8221;tag:h3|text_align:left&#8221; use_theme_fonts=&#8221;yes&#8221;][vc_column_text]Mozart Chauffeur Service has been evolving to become one of the fastest growing chauffeur drive services in Vienna. Our dedicated team of drivers reflects the highest standards of integrity and commitment, earning the trust of [...]\" \/>\n<meta property=\"og:url\" content=\"https:\/\/mozartlimousines.com\/ueber-uns\/\" \/>\n<meta property=\"og:site_name\" content=\"Mozart Chauffeur Service\" \/>\n<meta property=\"article:modified_time\" content=\"2023-05-03T10:31:21+00:00\" \/>\n<meta name=\"twitter:card\" content=\"summary_large_image\" \/>\n<meta name=\"twitter:label1\" content=\"Est. reading time\" \/>\n\t<meta name=\"twitter:data1\" content=\"2 minutes\" \/>\n<script type=\"application\/ld+json\" class=\"yoast-schema-graph\">{\"@context\":\"https:\/\/schema.org\",\"@graph\":[{\"@type\":\"WebPage\",\"@id\":\"https:\/\/mozartlimousines.com\/ueber-uns\/\",\"url\":\"https:\/\/mozartlimousines.com\/ueber-uns\/\",\"name\":\"About us - Mozart Chauffeur Service\",\"isPartOf\":{\"@id\":\"https:\/\/mozartlimousines.com\/#website\"},\"datePublished\":\"2019-04-05T07:23:56+00:00\",\"dateModified\":\"2023-05-03T10:31:21+00:00\",\"breadcrumb\":{\"@id\":\"https:\/\/mozartlimousines.com\/ueber-uns\/#breadcrumb\"},\"inLanguage\":\"en-US\",\"potentialAction\":[{\"@type\":\"ReadAction\",\"target\":[\"https:\/\/mozartlimousines.com\/ueber-uns\/\"]}]},{\"@type\":\"BreadcrumbList\",\"@id\":\"https:\/\/mozartlimousines.com\/ueber-uns\/#breadcrumb\",\"itemListElement\":[{\"@type\":\"ListItem\",\"position\":1,\"name\":\"Startseite\",\"item\":\"https:\/\/mozartlimousines.com\/en\/home\/\"},{\"@type\":\"ListItem\",\"position\":2,\"name\":\"About us\"}]},{\"@type\":\"WebSite\",\"@id\":\"https:\/\/mozartlimousines.com\/#website\",\"url\":\"https:\/\/mozartlimousines.com\/\",\"name\":\"Mozart Chauffeur Service\",\"description\":\"\",\"potentialAction\":[{\"@type\":\"SearchAction\",\"target\":{\"@type\":\"EntryPoint\",\"urlTemplate\":\"https:\/\/mozartlimousines.com\/?s={search_term_string}\"},\"query-input\":{\"@type\":\"PropertyValueSpecification\",\"valueRequired\":true,\"valueName\":\"search_term_string\"}}],\"inLanguage\":\"en-US\"}]}<\/script>\n<!-- \/ Yoast SEO plugin. -->","yoast_head_json":{"title":"About us - Mozart Chauffeur Service","robots":{"index":"index","follow":"follow","max-snippet":"max-snippet:-1","max-image-preview":"max-image-preview:large","max-video-preview":"max-video-preview:-1"},"canonical":"https:\/\/mozartlimousines.com\/ueber-uns\/","og_locale":"en_US","og_type":"article","og_title":"About us - Mozart Chauffeur Service","og_description":"[vc_row][vc_column width=&#8221;1\/2&#8243;][vc_custom_heading text=&#8221;Mozart Chauffeur Service is an independent limousine service in Vienna and stands for professionalism, flexibility and discretion.&#8221; font_container=&#8221;tag:h3|text_align:left&#8221; use_theme_fonts=&#8221;yes&#8221;][vc_column_text]Mozart Chauffeur Service has been evolving to become one of the fastest growing chauffeur drive services in Vienna. Our dedicated team of drivers reflects the highest standards of integrity and commitment, earning the trust of [...]","og_url":"https:\/\/mozartlimousines.com\/ueber-uns\/","og_site_name":"Mozart Chauffeur Service","article_modified_time":"2023-05-03T10:31:21+00:00","twitter_card":"summary_large_image","twitter_misc":{"Est. reading time":"2 minutes"},"schema":{"@context":"https:\/\/schema.org","@graph":[{"@type":"WebPage","@id":"https:\/\/mozartlimousines.com\/ueber-uns\/","url":"https:\/\/mozartlimousines.com\/ueber-uns\/","name":"About us - Mozart Chauffeur Service","isPartOf":{"@id":"https:\/\/mozartlimousines.com\/#website"},"datePublished":"2019-04-05T07:23:56+00:00","dateModified":"2023-05-03T10:31:21+00:00","breadcrumb":{"@id":"https:\/\/mozartlimousines.com\/ueber-uns\/#breadcrumb"},"inLanguage":"en-US","potentialAction":[{"@type":"ReadAction","target":["https:\/\/mozartlimousines.com\/ueber-uns\/"]}]},{"@type":"BreadcrumbList","@id":"https:\/\/mozartlimousines.com\/ueber-uns\/#breadcrumb","itemListElement":[{"@type":"ListItem","position":1,"name":"Startseite","item":"https:\/\/mozartlimousines.com\/en\/home\/"},{"@type":"ListItem","position":2,"name":"About us"}]},{"@type":"WebSite","@id":"https:\/\/mozartlimousines.com\/#website","url":"https:\/\/mozartlimousines.com\/","name":"Mozart Chauffeur Service","description":"","potentialAction":[{"@type":"SearchAction","target":{"@type":"EntryPoint","urlTemplate":"https:\/\/mozartlimousines.com\/?s={search_term_string}"},"query-input":{"@type":"PropertyValueSpecification","valueRequired":true,"valueName":"search_term_string"}}],"inLanguage":"en-US"}]}},"_links":{"self":[{"href":"https:\/\/mozartlimousines.com\/en\/wp-json\/wp\/v2\/pages\/11938","targetHints":{"allow":["GET"]}}],"collection":[{"href":"https:\/\/mozartlimousines.com\/en\/wp-json\/wp\/v2\/pages"}],"about":[{"href":"https:\/\/mozartlimousines.com\/en\/wp-json\/wp\/v2\/types\/page"}],"author":[{"embeddable":true,"href":"https:\/\/mozartlimousines.com\/en\/wp-json\/wp\/v2\/users\/1"}],"replies":[{"embeddable":true,"href":"https:\/\/mozartlimousines.com\/en\/wp-json\/wp\/v2\/comments?post=11938"}],"version-history":[{"count":14,"href":"https:\/\/mozartlimousines.com\/en\/wp-json\/wp\/v2\/pages\/11938\/revisions"}],"predecessor-version":[{"id":12898,"href":"https:\/\/mozartlimousines.com\/en\/wp-json\/wp\/v2\/pages\/11938\/revisions\/12898"}],"wp:attachment":[{"href":"https:\/\/mozartlimousines.com\/en\/wp-json\/wp\/v2\/media?parent=11938"}],"curies":[{"name":"wp","href":"https:\/\/api.w.org\/{rel}","templated":true}]}}